{"id":9437,"date":"2016-06-13T15:11:44","date_gmt":"2016-06-13T13:11:44","guid":{"rendered":"https:\/\/www.torsten-schlueter.de\/press\/"},"modified":"2024-05-13T14:35:26","modified_gmt":"2024-05-13T12:35:26","slug":"press","status":"publish","type":"page","link":"https:\/\/www.torsten-schlueter.de\/en\/press\/","title":{"rendered":"Press"},"content":{"rendered":"<h3 class=\"wp-block-heading\"><br\/><strong>The press release on the exhibition at the German Football Museum<mark style=\"background-color:rgba(0, 0, 0, 0)\" class=\"has-inline-color has-vivid-red-color\"> <a href=\"https:\/\/www.torsten-schlueter.de\/wp-content\/uploads\/2024\/05\/240501-DFM-In-Motion-Presseinfo-DEU.pdf\">can be found here.<\/a><\/mark><\/strong><\/h3>\n\n<h3 class=\"wp-block-heading\"><strong>Are you a media representative looking for background information on the exhibition in the art garden on Hiddensee?  <a href=\"https:\/\/www.torsten-schlueter.de\/en\/hiddensee\/\">Please click here.<\/a><br\/><\/strong><\/h3>\n\n<h3 class=\"wp-block-heading\"><br\/><\/h3>\n<p><span class=\"Fa2\" data-ob=\"headline\">2022 Eisern Union bis ins Atelier, Interview mit Torsten Schl\u00fcter, <em>Elmar Kr\u00e4mer \u00b7 25. September 2022, audio <a href=\"https:\/\/www.deutschlandfunkkultur.de\/eisern-union-bis-ins-atelier-der-maler-torsten-schlueter-lange-version-dlf-kultur-5f39c661-100.html\">Deutschlandfunk Kultur<\/a><\/em><\/span><\/p>\n<p class=\"article_header-title__vd8vA\">2022 Ekstase in Rot-Wei\u00df: Kunstwerke zeigen Leben und Geist von Union, <em>29.09.2022, <a href=\"https:\/\/www.berliner-zeitung.de\/mensch-metropole\/berlin-kunst-trifft-fussball-bundesliga-eisern-fans-torsten-schlueter-ekstase-in-rot-weiss-kunstwerke-zeigen-leben-und-geist-von-1-fc-union-li.264237\">Berliner Zeitung<\/a><\/em><\/p>\n<p><span class=\"titletext\">2022 &#8220;Unioner und Maler: Torsten Schl\u00fcter &#8220;Eisern Union \u2013 bis ins Atelier&#8221;, S<i>ilke Mehring, 29.9.2022<\/i><\/span><\/p>\n<p>2022 Neue Ausstellung \u201eEisern Union &#8211; bis ins Atelier&#8221;, <a href=\"https:\/\/www.fc-union-berlin.de\/de\/union-live\/news\/verein\/Neue-Ausstellung-Eisern-Union-bis-ins-Atelier--2973y\/\">Nachricht<\/a> auf der Union Webseite, 30.9.2022<\/p>\n<p>2022 <span class=\"x193iq5w xeuugli x13faqbe x1vvkbs xlh3980 xvmahel x1n0sxbx x1lliihq x1s928wv xhkezso x1gmr53x x1cpjm7i x1fgarty x1943h6x xtoi2st x3x7a5m x1603h9y x1u7k74 x1xlr1w8 xzsf02u x1yc453h\" dir=\"auto\"><span class=\"x1lliihq x6ikm8r x10wlt62 x1n2onr6 xlyipyv xuxw1ft\">Neue Ausstellung \u201eEISERN UNION &#8211; BIS INS ATELIER&#8221;<\/span><\/span>, Ausstellungser\u00f6ffnung, <a href=\"https:\/\/www.facebook.com\/stadion.adaf\/videos\/neue-ausstellung-eisern-union-bis-ins-atelier\/623050602694848\/\">Videoclip<\/a> von der facebook-page des Stadions an der Alten F\u00f6rsterei<\/p>\n<p>2022 &#8220;<span class=\"Fa1\" data-ob=\"kicker\">Fahnenmeer, Ekstase, Bierdusche <\/span><span class=\"visually-hidden\">:<\/span> <span class=\"Fa2\" data-ob=\"headline\">Ein Berliner Maler und seine Union-Bilder&#8221;, Simone Jacobius im <a href=\"https:\/\/www.tagesspiegel.de\/berlin\/bezirke\/fahnenmeer-ekstase-und-bierdusche-ein-berliner-maler-und-seine-union-bilder-8712436.html\">Tagesspiegel<\/a>, 04.10.2022<\/span><\/p>\n<p><span class=\"titletext\">2022 &#8220;Der Maler, der ins Stadion geht&#8221;, <em>von Friedrich R\u00f6\u00dfler, 22.10.2022, <a href=\"https:\/\/www.rbb24.de\/sport\/beitrag\/2022\/10\/fc-union-berlin-stadion-kunst-ausstellung-fussball.html\">rbb<\/a>\u00a0<\/em> <\/span><\/p>\n<p class=\"titletext\">2021 Schallplatte \u201eEisern Union\u201c, Gestaltung des Erstpresslings<\/p>\n<p>2019 \u201eHart, H\u00e4rter, Eisern\u201c, Der 1.FC Union Berlin und der K\u00fcnstler Torsten Schl\u00fcter, TOWNHOUSE, Magazin N.3<\/p>\n<p>2019 Bundesliga \u201eAfter shelding blood and sweat for club, Union Berlin, Indian Firepost<\/p>\n<p>2019 \u201eDie besten Fans der Welt\u201c, Tip Magazin,<\/p>\n<p>2017 \u201eAlles auf Rot\u201c, Aufbauverlag, Text Manuela Thieme<\/p>\n<p>Flyer zum 30j\u00e4hrigen Jubil\u00e4um des Hiddenseer Kunstgartens, <a href=\"http:\/\/torsten-schlueter.de\/news\/Flyer%2030%20Jahre%20Kunstgarten.pdf\">hier zum download<\/a><\/p>\n<p><span style=\"color: #ff0000;\">Alles auf ROT<\/span><\/p>\n<p><b>Manuela Thieme, \u201eZinnober und Kadmium\u201c, Aufbau Verlag, 2017<\/b><\/p>\n<p>\u201e\u2026Der Mann, hoch gewachsen, Locken, funkelnde Augen, steht da im grauen Overall, der alte Fliegeranzug ist \u00fcbers\u00e4t mit Farbklecksen. Wie auch der Fussboden. Atemmasken liegen herum, \u201eanders h\u00e4lt man das Terpentin nicht aus\u201c sagt er. \u201eDas Atelier ist mein Schlachtfeld.\u201c Wenn man ihn fragt, ob das Union-Rot etwas Besonderes sei:\u201cOh ja, das ist echtes Rot, daf\u00fcr brauche ich viel Zinnoberund Kadmium.\u201c\u2026\u201c<br \/><a href=\"https:\/\/weiterlesen.de\/Leseprobe\/Alles-auf-Rot\/9783841214287\/html\">Link<\/a> zu Manuela Thiemes Buch<\/p>\n<p>\u201e<b>Was die Inseln Manhattan und Hiddensee verbindet\u201c<\/b><\/p>\n<p><b>Von Gunnar Leue, in Nordkurier 15.10.2018<\/b><\/p>\n<p>\u201e\u2026Hiddensee ein Zwerg. Manhattan ein Gigant. Einen Magnetismus \u00fcben sie beide aus. Weltkunst, Weltliteratur und Wissenschaft &#8211; an beiden Orten bestens vertreten. Die Kreativen haben den Fluchtpunkt Insel gew\u00e4hlt, manche Manhattan, manche Hiddensee. \u2026 Torsten schl\u00fcterselbst? Der K\u00fcnstler, der ein Atelier in Berlin und auf der Insel Hiddensee besitzt, war in den 90-er Jahren zum Arbeiten in New York. Hat die Yellow Cabs in \u00d6l und Acryl gebannt, den Br\u00fccken mit seiner expressiven Bildsprache zu noch mehr Schwung verholfen und die Skylines und H\u00e4userschluchten in Radierungen festgehalten, deren Vertikalen den Betrachter in die Tiefen ziehen. Welch ein Kontrast seine Arbeiten auf Hiddensee. Statt der vertikalen sind es hier breite stille Horizonte, statt der Skyline finden sich Bootsmasten, windschiefe H\u00fctten statt imposanter Wolkenkratzer und die Taxis sind \u2026Pferd! Eine Spezies flattert an den Inselstr\u00e4nden hier wie dort \u2013 M\u00f6wen, seit Langem ein Motiv f\u00fcr den K\u00fcnstler, er sieht ihre Charaktere, f\u00e4ngt sie mit flottem Stirch und passendem Titel ein\u2026\u201c<\/p>\n<p><b>Torsten Schl\u00fcter &#8211; Magier im Spiel mit Form und Farbe<\/b><\/p>\n<p><b>Von Kornelia Stinn, in \u201eDer KUNSTHANDEL\u201c, 02\/2018<\/b><\/p>\n<p>\u201e\u2026Mit dem Meer die Horizontale und mit den Wolkenkratzern die Vertikale erobern. Reisen und wieder reisen, um dann, aufgeladen mit Bildern im Notizbuch und im Kopf, wieder reif zu sein f\u00fcr die Bildumsetzung in seiner Berliner Werkhalle und auf der Insel Hiddensee\u2026wie sehr in das Frei sein bewegt, das spiegelt sich in den Bildern des \u201eJungen Wilden\u201c denen er in Fachkreisen immer wieder zugeordnet wird. Mit expressiver Farbbrillanz und mit messerscharf positionierten Striche, wie zuf\u00e4llig aus lockerem Handgelenk gegossen, atmen sie geradezu die Erotik der Freiheit\u2026. Ein Akzent seines Werkes liegt auf der \u201eParallelgesellschaft\u201c, seiner Studie der M\u00f6wencharaktere. Hierbei vereinen sich die luftige Leichtigkeit und minuti\u00f6se Genauigkeit seiner Arbeit, er haucht ihnen seine Prosa ein\u2026 Seine Landschaftspanoramen der Insel sind wohlgesetzte Aquarell-Schw\u00fcnge. Sie ziehen den Betrachter radikal hinein in eine mal Licht flirrende, mal monochrom-mystische Dramarturgie. Wahrlich magisch scheint Schl\u00fcters Spiel mit Formen und Farben, genial, die auf frappierende Zufallswirkung geradezu angelegte k\u00fcnstlerische Darstellung\u2026 Das Kontrastprogramm Berlin und Hiddensee. In Berlin r\u00fcckt er in seiner Atelier-Werkhalle Gro\u00dfleinw\u00e4nden mit radikalen Pinselstrichen und expressiven \u00d6l Farbenwelten zu Leibe\u2026\u201c<\/p>\n<p><strong>Die Lieblingsinsel des Malers<\/strong><\/p>\n<p><strong>Kornelia Stinn, in \u201eK\u00fcnstler \u2013 Insel Hiddensee, \u201eLand und Meer\u201c, 04\/2018<\/strong><\/p>\n<p>\u201e\u2026Eingerahmt von Sanddornb\u00fcschen steht der K\u00fcnstler oben \u00fcber dem Wellenget\u00f6se der Ostsee und skizziert in leuchtenden, mal in mysteri\u00f6s-schummrigen, dunkleren Farbenwelten Farbpanoramen die s\u00fcchtig machen nach der Insel und rotzfreche federleichte Fliegengewichte , denen Schl\u00fcter mit spitzz\u00fcngigem Kreidstrich tollk\u00fchne Charaktereigenschaften andichtet, ein B\u00fchnenst\u00fcck f\u00fcr sich\u2026\u201c<\/p>\n<p><strong>&#8220;VW &#8211; zusammengefaltet vor dem Deutschen Reichstag&#8221;<\/strong><\/p>\n<p>&#8220;&#8230; Dieser ganze anschwellende Skandal\u00a0 weckte die Kreativit\u00e4t Torsten Schl\u00fcters. Der Maler und Installationsk\u00fcnstler faltete und kn\u00fcllte aus aktuellem Anlass die Motorhaube eines VW Golf II zur Skulptur eines janusk\u00f6pfigen Vogelwesen mit dem Namen &#8220;Geminus&#8221; (Der Doppelgesichtige) zusammen. Doppelgesichtigeit sei zurzeit ein besonders zutreffendes Symbol, meint der K\u00fcnstler: &#8220;Deutschland als Autoland sei schon zwielichtig, jetzt zeige VW zwei Gesichter, auch in der deutschen Fl\u00fcchtlingspolitik gebe es zwei Gesichter.&#8221; Schl\u00fcters Geminus stand vorm Berliner Reichstag und vor der Berliner Mauer. Jetzt ist der VW-Vogel auf der Hamburger San Diego, dem gr\u00f6\u00dften fahrt\u00fcchtigen Museumsfrachtschiff der Welt zu sehen- in einer Ausstellung zur deutschen Einheit: &#8220;Deutschland unter der Haube&#8221;.&#8221;<\/p>\n<p>(Ostseezeitung , 7.11.2015)<\/p>\n<p><strong>&#8220;Malerisches K\u00fcnstlerleben &#8230;&#8221;<\/strong><\/p>\n<p>&#8220;An der Steilk\u00fcste, hoch \u00fcber den rauschenden Wellen der Ostsee, kann man nun &#8220;Admiral Lord Nelson&#8221;, dem &#8220;Alten Fritz&#8221; oder dem &#8220;Kunstbetrachter&#8221; begegnen. Keinen Kunstintereessierten, sondern M\u00f6wen. Die Emmas der K\u00fcste sind jene V\u00f6gel, die es Torsten Schl\u00fcter in besonderer Weise angetan haben. Der Berliner scheint die M\u00f6wen pers\u00f6nlich zu kennen, gibt ihnen klangvolle Namen. W\u00e4hrend die gro\u00dfformatigen &#8220;\u00d6L auf Leinwand-Gem\u00e4lde&#8221; des K\u00fcnstlers im Hauptstadt-Atelier ausharren, zeigt der Maler auf Hiddensee die Arbeiten, die tats\u00e4chlich drau\u00dfen zwischen Himmel und Meer entstanden sind. Farbintensive Stimmungsf\u00e4nge, weite Horizonte, Zeichnungen, Kaltnadelradierungen und Kreidearbeiten, in denen der K\u00fcstenwind zu sp\u00fcren ist.&#8221;<\/p>\n<p>(Rico Nestmann, Ostseezeitung 02.07.2011)<\/p>\n<p><strong>\u201eVoller Anmut und Kraft\u201c,<\/strong><br \/>Torsten Schl\u00fcters Werke verlangen f\u00fcr ihre Beschreibung auf der einen Seite hochenergetisches Vokabular, denn die Leinw\u00e4nde der \u00d6lbilder sind Lavaglut, Explosionen, Lodern und in bestem Sinne an die Tradition des Expressionismus gekn\u00fcpft. Andererseits braucht man f\u00fcr die Aquarelle das Zarteste, das Sprache in sich tr\u00e4gt, weil der K\u00fcnstler hier Formen von wunderbaren Tr\u00e4umen und fernen Imaginationen findet; mit wenigen Strichen, minimaler Farbe und anekdotischem Mutwillen temperamentvoll zu erz\u00e4hlen wei\u00df.<br \/>(Barbara Kaiser in Allgemeine Zeitung der L\u00fcneburger Heide, 15.06.2010)<\/p>\n<p><strong>Ausstellung der &#8220;Indischen Brunnenfrauen&#8221;<\/strong><\/p>\n<p>&#8220;Die Bilder von Torsten Schl\u00fcter ziehen mich sofort in ihren Bann. Ihre expressive Farbigkeit, die nicht die Spur laut ist, und die Knappheit der kr\u00e4ftigen Linien vermittelt mir den Eindruck gro\u00dfer Intensit\u00e4t. \u201eFrauen am Brunnen\u201e diese Bilder sind Momentaufnaahmen, die weit \u00fcber den Augenblick hinausweisen.&#8221;<br \/>J. Brabant in \u201eAtmet Geschichte\u201c, M\u00e4rkische Allgemeine 9.9.2008<\/p>\n<p>&#8220;Schl\u00fcter kn\u00fcpft in seinem Schaffen an die Traditionen des deutschen Expressionismus an, er gilt heute als ein hervorragender Vertreter der K\u00fcnstlerkolonie Hiddensee.&#8221;<br \/>Kultur und Medien, Ostseezeitung, 18.7.2007<\/p>\n<p><strong>Sommergalerie<\/strong><br \/>&#8220;Torsten Schl\u00fcter zelebriert zum 21. Mal seine Sommergalerie im Garten Tusculum auf Hiddensee. Abseits der touristischen Pfade und nur im Abendlicht. Ein Genuss f\u00fcr Licht- und Wettermenschen, die um den Geheimentipp wissen &#8211; der schon fast keiner mehr ist, denn Schl\u00fcters Galerie im Garten ist eine Institution.&#8221;<br \/>Ostseezeitung, 30.6.2007<\/p>\n<p><strong>Indische Brunnenfrauen von Torsten Schl\u00fcter im Hauptmann-Museum<\/strong><br \/>&#8220;Mit unverwechselbarem Strich und spannungsgeladener virtuoser Farbigkeit f\u00e4ngt Torsten Schl\u00fcter Szenen indischen Lebens ein. Sein Hauptmotiv sind die Brunnenfrauen. In seinen Zeichnungen erhebt er sie zu Hohepriesterinnen des Alltags und den archaischen Vorgang des Wassersch\u00f6pfens zum Wahrzeichen.&#8221;<br \/>Ostseezeitung, 23.5.2007<\/p>\n<p><strong>Von Hexen und M\u00f6wen<\/strong><br \/>&#8220;Die Werkschau im Kurmuseum pr\u00e4sentiert ein breites Spektrum klassischer Malerei von \u00d6l- und Acrylgem\u00e4lden \u00fcber Aquarelle, Pastelle, Zeichnungen und Kaltnadelradierungen. Einen Schwerpunkt bilden die in Indien entstandenen Papierarbeiten von Wasserb\u00fcffeln und Brunnenfrauen bis zu Markt- und Stadtszenen.&#8221;<br \/>Nieders\u00e4chsische Allgemeine, 7.1.2006<\/p>\n<p>&#8220;Torsten Schl\u00fcter ist in der Kunstlandschaft ein begnadeter Globetrotter, ein scheinbar m\u00fcheloser und unbek\u00fcmmerter Pendler zwischen Orient und Okzident.&#8221;<br \/>Dr. Volker Brendow in \u201eWerke von Torsten Schl\u00fcter\u201c in Hessisch Nieders\u00e4chsische Allgemeine, 15.11.2005<\/p>\n<p><strong>Nordlichter und M\u00f6wen auf Hiddensee<\/strong><br \/>&#8220;Die M\u00f6wen werden auf den Bildern Schl\u00fcters zu skurrilen, fast mythologischen Gef\u00e4hrten bei Strandwanderungen, Landschaften erscheinen in den Aquarellen zu allen Jahreszeiten wie ein Sph\u00e4renpanorama.&#8221;<br \/>Berliner Zeitung, 27.9.2005<\/p>\n<p><strong>Zwischen Expressionismus und Romantik<\/strong><br \/>&#8220;Das st\u00e4dtische Leben bannt Schl\u00fcter in seinen Acryl- und \u00d6lgem\u00e4lden mit zupackender Expressivit\u00e4t auf die Leinwand. Man f\u00fchlt sich an die Malerei des deutschen Expressionismus erinnert. Die Kraft der Farbigkeit, der pulsierende Pinselduktus, all das ist von bezwingender Eindringlichkeit. Wie Nolde beherrscht Torsten Schl\u00fcter das Meldium Aquarell. Seine Farbsinfonien wirken fast abstrakt, wie es Landschaft sein kann. Schl\u00fcter erscheint wie ein moderner Romantiker. Werke von Carl Blechen, Caspar David Friedrich und anderen Romantikern stehen den &#8220;Nordlichtern&#8221; von Schl\u00fcter sehr nahe.&#8221;<br \/>J\u00f6rg-Michael Henneberg, Ostfriesenzeitung, 11.7.2005<\/p>\n<p><strong>Die Farben von Hiddensee und aus dem fernen Indien<\/strong><br \/>&#8220;Die Hiddenseeaquarelle sind aufw\u00fchlend und gleichzeitig voller Sinnlichkeit. Sie haben ein enorme Kraft. Jedes Bild scheint eine kleine Liebeserkl\u00e4rung des K\u00fcnstlers an die Insel zu sein.&#8221;<br \/>M\u00e4rkische Allgemeine, 28.4.2005<\/p>\n<p><strong>Leidenschaft auf Hiddensee<\/strong><\/p>\n<p>&#8220;Der Zauber Hiddensees hat Generationen von K\u00fcnstlern angezogen. Doch nur wenige, wie der Berliner Maler Torsten Schl\u00fcter, sind hier heimisch geworden. &#8220;Er ist einer von uns&#8221;, sagen die Insulaner \u00fcber ihn. (&#8230;)<br \/>Schl\u00fcter blieb sich und seiner Liebe zur unangepassten Kunst auch nach der Wende treu. Sein Werk zeigt Internationalit\u00e4t und Unverwechselbarkeit, die nicht dem Zeitgeschmack angepasst ist, sondern der sozialen Verantwortung der Kunst gerecht werden will.&#8221;<br \/>Ostseezeitung, 1.\/2. 11.2003<\/p>\n<p><strong>In Indien<\/strong><br \/>&#8220;Hippies und Hindus, Hahnenk\u00e4mpfe, Dschungel und Hampi hat der K\u00fcnstler auf seinen Reisen durch Indien gesehen, mehr noch: ihren Anblick eingesogen. Ist er zur\u00fcck in der Heimat &#8211; worunter in diesem weltl\u00e4ufigen Fall Hiddensee, Weimar oder Berlin zu verstehen sind &#8211; entstehen aus den Momentaufnahmen der Skizzenb\u00fccher expressive, dynamische, farbstarke Gem\u00e4lde.&#8221;<br \/>Berliner Zeitung, 25.9.2003<\/p>\n<p>(&#8230;)<\/p>\n<p><strong>Tulipamwe, &#8230;Sinnenreiche Bo(o)tschaft<\/strong><br \/>Malerei\/ Skulpturen\/ Installationen<br \/>Berlin\/ Blois (Frankreich)\/ Weimar<br \/>&#8220;Torsten Schl\u00fcter hat es verstanden, aus der afrikanischen Tradition zu sch\u00f6pfen, die sich ihm als reiche Vergangenheit einer wunderbaren k\u00fcnstlerischen und kreativen Dimension offenbarte und gleichzeitig als unersch\u00f6pfliches Reservoir der Moderne.&#8221;<br \/>Jack Lang, Kulturminister Frankreichs a.D. in: Gru\u00dfwort zum Katalog Tulipamwe, 1997<\/p>\n<p><strong>Tulipamwe<\/strong><br \/>&#8220;In \u00e4u\u00dferst sinnlichen und expressiven Acryl- und \u00d6lbildern gelingt Verschmelzung europ\u00e4ischer Moderne und afrikanischer Tradition.<br \/>Selten sah man eine aufregendere Kunstschau. Ein Meilenstein zur europ\u00e4ischen Kulturstadt 1999.&#8221;<br \/>P. Alexander Fiedler in: Th\u00fcringer Landeszeitung, 26.6.97<\/p>\n<p><strong>Im W\u00fcrgegriff einer Faust<\/strong><br \/>Malerei, Friedrich &#8211; Ebert &#8211; Stiftung, Bonn<br \/>&#8220;Im Zeitraffer holt Torsten Schl\u00fcter die Kunstentwicklung der Moderne nach: Das Aufl\u00f6sen des Menschenbildes im Expressionismus bis hin zu seinem Wiederfinden in der Zeichenhaftigkeit. Weg von Nolde, Kirchner, und Beckmann bis hin zu den \u00dcberstreichungen und Einspinnungen bei Max Uhlig oder Arnulf Rainer.&#8221;<br \/>Heidrun Wirth in: Bonner Rundschau, 28.9.92<\/p>\n<h3>\u00a0<\/h3>\n<h3>Auswahl TV und H\u00f6rfunk<\/h3>\n<p>Podcast \u201eTee im Atelier\u201c, 2022 (Ulrike J\u00e4hrling), Podcast, \u201ewir &#8211; Union \u2013 vereint\u201c, 1.FC Union Berlin, Gunnar Leue, Jan Hollants, 2021, RBB L\u00e4ndermagazin, MD Deutschlandfunk, \u201eDer Alte Bob\u201c, 2017 (Alexa Hennigs), \u201e30 Jahre Kunstgarten &#8211; Torsten Schl\u00fcter\u201c, 10.08.2016 \/\/ NDR Nordmagazin, \u201e30 Jahre Kunstgarten Hiddensee -Torsten Schl\u00fcter\u201c (Johann L\u00fche), 08.08.2016\/\/ MDR Hiddensee \u2013 Fluchtpunkt und Sehnsuchtsort (Galina Breitkreuz), 07\/2015\/\/ NDR Nordmagazin, Torsten Schl\u00fcter, 25 Jahre \u201eHiddenseer Kunstgarten\u201c (Johann L\u00fche), 7\/2011\/\/ 3-Sat L\u00e4ndermagazin, Torsten Schl\u00fcter, 25 Jahre \u201eHiddenseer Kunstgarten \/\/ NDR Hanseblick, Hiddensee im Winter, Torsten Schl\u00fcter zwischen Berlin, Indien und Hiddensee (Jan Becker), 02\/2009\/\/ 3-Sat, Kulturzeit, Torsten Schl\u00fcter: Nordlichter II, Hiddensee ein Aquarell im Querformat &#8211; Ausstellungstournee (Christel Dalhoff) 2005)\/\/ NDR, Vier Jahreszeiten auf Hiddensee, 18.12.2004 (Portia Uhlitzsch)\/\/ NDR, Str\u00e4nde und Marinas in Mecklenburg\/ Vorpommern, Torsten Schl\u00fcter: Sommerausstellung im Garten auf Hiddensee, 8\/2004 (Birgit Vitense)\/\/ 3-Sat, Kulturzeit, 5\/2002, Torsten Schl\u00fcter: Nordlichter I \u2013 Hiddensee, der Balkon von Berlin, Ausstellungstournee (Claudia Butzin)\/\/ RBB, Berlin Beat, 17.5.2001\/\/ ARD, Ratgeber Reisen, Hiddensee und Torsten Schl\u00fcter -Portr\u00e4t, 2.9.2000 (Heike Sittner)\/\/ 3-Sat, Kulturzeit, 5\/1999\/\/ N3, Aktuell, 7\/1999, u.a. Torsten Schl\u00fcter- Galerie im Garten\/\/ ARD, Bilderbuch Deutschland, Hiddensee, u.a. Torsten Schl\u00fcter im Inselmuseum 8\/1998, (Reis)\/\/ MDR, Artour Kulturmagazin, 3.7.1997\/\/ MDR, Th\u00fcringen Journal, 2.7.1997\/\/ MDR, Bilderbogen 4\/1994\/\/ NBC Namibia, International Artist Workshop 1994 \/\/ ARD, Kulturreport, 11.7.1993\/\/ MDR, Aktuell, Hexen und Hexen, 5\/1992 (Angela Hempel)<\/p>\n<h3>H\u00f6rfunkbeitr\u00e4ge<\/h3>\n<p>NDR Kulturjournal, 08\/2016\/\/ \u201eHiddensee in den Achtzigern\u201c, NDR Kultur, 2016 (Alexa Hennigs)\/\/\u00a0NDR Das Kulturjournal 2011\/\/ Deutschlandradio Kultur, 2011\/\/ Bayrischer Rundfunk 2011\/\/\u00a0NDR Kulturjournal, 2008, Torsten Schl\u00fcter &#8211; 25 Jahre Arbeiten auf Hiddensee (Dr. Martin Haufe)\/\/ NDR Kulturjournal, Hiddensee- Edition im Gerhart Hauptmann Museum, Kloster\/ Hiddensee, 5\/2008 (Dr. Martin Haufe)\/\/ NDR, Kulturjournal, Indische Brunnenfrauen, Sonderausstellung im Gerhart-Hauptmann-Haus, Kloster\/Hidd., 5\/2007\/\/ Radio Lotte, 20 Jahre Sommerausstellung auf Hiddensee, 7\/2006\/\/Radio Lotte, Kunst und Fu\u00dfball, 5\/2002\/\/ MDR, 6\/1997\/\/Deutschlandradio, 9\/2001<\/p>\n<p class=\"p1\">\u00a0<\/p><!--themify_builder_content-->\n<div id=\"themify_builder_content-9437\" data-postid=\"9437\" class=\"themify_builder_content themify_builder_content-9437 themify_builder tf_clear\">\n    <\/div>\n<!--\/themify_builder_content-->","protected":false},"excerpt":{"rendered":"<p>The press release on the exhibition at the German Football Museum can be found here. Are you a media representative looking for background information on the exhibition in the art garden on Hiddensee? Please click here. 2022 Eisern Union bis ins Atelier, Interview mit Torsten Schl\u00fcter, Elmar Kr\u00e4mer \u00b7 25. September 2022, audio Deutschlandfunk Kultur [&hellip;]<\/p>\n","protected":false},"author":1,"featured_media":0,"parent":0,"menu_order":0,"comment_status":"closed","ping_status":"closed","template":"","meta":{"footnotes":""},"class_list":["post-9437","page","type-page","status-publish","hentry","has-post-title","has-post-date","has-post-category","has-post-tag","has-post-comment","has-post-author",""],"builder_content":"","_links":{"self":[{"href":"https:\/\/www.torsten-schlueter.de\/en\/wp-json\/wp\/v2\/pages\/9437","targetHints":{"allow":["GET"]}}],"collection":[{"href":"https:\/\/www.torsten-schlueter.de\/en\/wp-json\/wp\/v2\/pages"}],"about":[{"href":"https:\/\/www.torsten-schlueter.de\/en\/wp-json\/wp\/v2\/types\/page"}],"author":[{"embeddable":true,"href":"https:\/\/www.torsten-schlueter.de\/en\/wp-json\/wp\/v2\/users\/1"}],"replies":[{"embeddable":true,"href":"https:\/\/www.torsten-schlueter.de\/en\/wp-json\/wp\/v2\/comments?post=9437"}],"version-history":[{"count":9,"href":"https:\/\/www.torsten-schlueter.de\/en\/wp-json\/wp\/v2\/pages\/9437\/revisions"}],"predecessor-version":[{"id":9871,"href":"https:\/\/www.torsten-schlueter.de\/en\/wp-json\/wp\/v2\/pages\/9437\/revisions\/9871"}],"wp:attachment":[{"href":"https:\/\/www.torsten-schlueter.de\/en\/wp-json\/wp\/v2\/media?parent=9437"}],"curies":[{"name":"wp","href":"https:\/\/api.w.org\/{rel}","templated":true}]}}