{"id":9449,"date":"2016-07-01T15:00:17","date_gmt":"2016-07-01T13:00:17","guid":{"rendered":"https:\/\/www.torsten-schlueter.de\/artist-books\/"},"modified":"2023-11-26T14:59:00","modified_gmt":"2023-11-26T13:59:00","slug":"artist-books","status":"publish","type":"page","link":"https:\/\/www.torsten-schlueter.de\/en\/artist-books\/","title":{"rendered":"Artist books"},"content":{"rendered":"<h2 class=\"wp-block-heading\"><strong>the book for the exhibition<\/strong>at 1. FC Union Berlin<br\/><\/h2>\n\n<figure class=\"wp-block-image aligncenter size-medium\"><img loading=\"lazy\" decoding=\"async\" width=\"300\" height=\"275\" src=\"https:\/\/www.torsten-schlueter.de\/wp-content\/uploads\/2022\/10\/Katalog-300x275.jpg\" alt=\"\" class=\"wp-image-8413\" srcset=\"https:\/\/www.torsten-schlueter.de\/wp-content\/uploads\/2022\/10\/Katalog-300x275.jpg 300w, https:\/\/www.torsten-schlueter.de\/wp-content\/uploads\/2022\/10\/Katalog-1024x940.jpg 1024w, https:\/\/www.torsten-schlueter.de\/wp-content\/uploads\/2022\/10\/Katalog-768x705.jpg 768w, https:\/\/www.torsten-schlueter.de\/wp-content\/uploads\/2022\/10\/Katalog-1536x1410.jpg 1536w, https:\/\/www.torsten-schlueter.de\/wp-content\/uploads\/2022\/10\/Katalog-2048x1880.jpg 2048w\" sizes=\"auto, (max-width: 300px) 100vw, 300px\" \/><\/figure>\n\n<p class=\"has-text-align-left\">1st edition 500 copies, published 2022, 112 pages, four-color<br\/>with texts by Manuela Thieme, Ulrike J\u00e4hrling, Frank Willmann, Markus Metke, Jan Hollants and Torsten Schl\u00fcter.  <br\/>Design Erik Lautenschl\u00e4ger<br\/>signed by hand, 30,-\u20ac plus. Shipping<\/p>\n\n<h3 class=\"has-text-align-center wp-block-heading\"><strong>Order <a href=\"mailto:%20info@torsten-schlueter.de\">here by mail<\/a><\/strong><br\/><\/h3>\n\n<h2 class=\"wp-block-heading\"><br\/><strong>Art print <\/strong> &#8220;May 19 I&#8221;<br\/><\/h2>\n\n<figure class=\"wp-block-image aligncenter size-large\"><img loading=\"lazy\" decoding=\"async\" width=\"736\" height=\"1024\" src=\"https:\/\/www.torsten-schlueter.de\/wp-content\/uploads\/2022\/10\/Kuntdruck-736x1024.jpg\" alt=\"\" class=\"wp-image-8412\" srcset=\"https:\/\/www.torsten-schlueter.de\/wp-content\/uploads\/2022\/10\/Kuntdruck-736x1024.jpg 736w, https:\/\/www.torsten-schlueter.de\/wp-content\/uploads\/2022\/10\/Kuntdruck-216x300.jpg 216w, https:\/\/www.torsten-schlueter.de\/wp-content\/uploads\/2022\/10\/Kuntdruck-768x1069.jpg 768w, https:\/\/www.torsten-schlueter.de\/wp-content\/uploads\/2022\/10\/Kuntdruck-1104x1536.jpg 1104w, https:\/\/www.torsten-schlueter.de\/wp-content\/uploads\/2022\/10\/Kuntdruck-1472x2048.jpg 1472w, https:\/\/www.torsten-schlueter.de\/wp-content\/uploads\/2022\/10\/Kuntdruck.jpg 1690w\" sizes=\"auto, (max-width: 736px) 100vw, 736px\" \/><\/figure>\n\n<p><br\/>Art print &#8220;May 19 I&#8221; in the format 85 x 60 cm  <br\/>Original 2021, oil on wood, 100 x 70 cm<br\/>Edition of 27 plus 5, numbered and signed by hand<br\/>signed by hand, 120,-\u20ac plus. Shipping  <\/p>\n\n<h3 class=\"has-text-align-center wp-block-heading\"><strong>Order <a href=\"mailto:%20info@torsten-schlueter.de\">here by mail<\/a><\/strong><\/h3>\n\n<p><\/p>\n\n<h3 class=\"has-text-align-center wp-block-heading\"><br\/><br\/><\/h3>\n\n<figure class=\"wp-block-image aligncenter size-medium\"><img loading=\"lazy\" decoding=\"async\" width=\"300\" height=\"247\" src=\"https:\/\/www.torsten-schlueter.de\/wp-content\/uploads\/2016\/09\/Nordlichter-III-r2-300x247.jpg\" alt=\"Torsten Schl&#xFC;ter, artist's book &quot;NORDLICHTER III, Konturen&quot;, 2013\" class=\"wp-image-5808\" srcset=\"https:\/\/www.torsten-schlueter.de\/wp-content\/uploads\/2016\/09\/Nordlichter-III-r2-300x247.jpg 300w, https:\/\/www.torsten-schlueter.de\/wp-content\/uploads\/2016\/09\/Nordlichter-III-r2-768x633.jpg 768w, https:\/\/www.torsten-schlueter.de\/wp-content\/uploads\/2016\/09\/Nordlichter-III-r2-1024x844.jpg 1024w, https:\/\/www.torsten-schlueter.de\/wp-content\/uploads\/2016\/09\/Nordlichter-III-r2.jpg 1255w\" sizes=\"auto, (max-width: 300px) 100vw, 300px\" \/><\/figure>\n<div class=\"text\" style=\"text-align: center;\">\n<h4 style=\"text-align: center;\">&nbsp;<\/h4>\n<h3>NORDLICHTER III &#8211; Konturen<\/h3>\n<p style=\"text-align: left;\">Ein K\u00fcnstlerbuch mit Malerei, Zeichnung und Kurzprosa von Torsten Schl\u00fcter mit einem Gru\u00dfwort von Peter Spiro (1918-2018)<br \/>(Von 1922-1934 verbrachte der Maler, Autor und Sohn des bedeutenden Portr\u00e4tisten Eugen Spiro (1874-1972) die Sommer auf der Insel Hiddensee). Mit einem Interview zwischen M\u00f6wen und dem K\u00fcnstler.<\/p>\n<p style=\"text-align: left;\">erschienen 2012<br \/>132 Seiten, 120 farbige Abbildungen, deutsch\/ englisch<br \/>Autoren: Peter Spiro (1918-2018); Torsten Schl\u00fcter<br \/>handsigniert,&nbsp;25 EUR + Versandkosten\u2028 zu beziehen \u00fcber:<br \/><a href=\"mailto:info@torsten-schlueter.de\">info@torsten-schlueter.de<\/a><\/p>\n<p style=\"text-align: left;\">\n<\/div>\n<h4 class=\"p1\" style=\"text-align: center;\">&nbsp;<\/h4>\n<h4 class=\"p1\" style=\"text-align: center;\">&nbsp;<\/h4>\n<h3 style=\"text-align: center;\">Frauen am Brunnen<\/h3>\n<p><img loading=\"lazy\" decoding=\"async\" class=\"alignnone size-medium wp-image-5798 aligncenter\" src=\"http:\/\/www.hiddensee-kuenstler.de\/wp-content\/uploads\/2016\/09\/Brunnenfrauen-r-203x300.jpg\" alt=\"brunnenfrauen-r\" width=\"203\" height=\"300\" srcset=\"https:\/\/www.torsten-schlueter.de\/wp-content\/uploads\/2016\/09\/Brunnenfrauen-r-203x300.jpg 203w, https:\/\/www.torsten-schlueter.de\/wp-content\/uploads\/2016\/09\/Brunnenfrauen-r-768x1136.jpg 768w, https:\/\/www.torsten-schlueter.de\/wp-content\/uploads\/2016\/09\/Brunnenfrauen-r-692x1024.jpg 692w, https:\/\/www.torsten-schlueter.de\/wp-content\/uploads\/2016\/09\/Brunnenfrauen-r.jpg 865w\" sizes=\"auto, (max-width: 203px) 100vw, 203px\" \/><\/p>\n<\/p>\n<div class=\"text\">\n<p>Ein Buch, wie ein Blick in das Berliner Atelier von Torsten Schl\u00fcter. Dem Betrachter begegnen hier vor allem Malerei und Zeichnung. Vielschichtige, dynamische Zeichnungen zeigen Frauen beim Wasserholen am Brunnen, Wasserb\u00fcffel als Chrakterk\u00f6pfe neben expressiver Portr\u00e4tmalerei. \u2028Prosaische Texte des Malers geben Einblicke in Entstehungssprozesse \u2013 ob bei der Umsetzung der Zeichnungen im Berliner Atelier oder unterwegs im indischen Alltag. Der \u201eTimetunnel\u201c Indien und insbesondere die archaische Thematik der \u201eBrunnenfrauen\u201c sind seit Mitte der 90-er Jahre ein immer wieder kehrender Arbeitsgegenstand und Inspirationsquell f\u00fcr Torsten Schl\u00fcter.<\/p>\n<\/div>\n<p>erschienen 2008<\/p>\n<p>Autoren: Hans M. Schmidt; Torsten Schl\u00fcter<br \/>96 Seiten, 127 farbige Abbildungen, deutsch\/ englisch<br \/>handsigniert, 25 EUR +Versandkosten <br \/>zu beziehen \u00fcber:<br \/><a href=\"mailto:info@torsten-schlueter.de\">info@torsten-schlueter.de<\/a><\/p>\n<\/p>\n<h3 class=\"p1\" style=\"text-align: center;\">NORDLICHTER II &#8211; Hiddensee,<br \/>ein Aquarell im Querformat<\/h3>\n<p><img loading=\"lazy\" decoding=\"async\" class=\"alignnone size-medium wp-image-5805 aligncenter\" src=\"http:\/\/www.hiddensee-kuenstler.de\/wp-content\/uploads\/2016\/09\/Nordlichter-II-r-1-300x252.jpg\" alt=\"nordlichter-ii-r-1\" width=\"300\" height=\"252\" srcset=\"https:\/\/www.torsten-schlueter.de\/wp-content\/uploads\/2016\/09\/Nordlichter-II-r-1-300x252.jpg 300w, https:\/\/www.torsten-schlueter.de\/wp-content\/uploads\/2016\/09\/Nordlichter-II-r-1-768x645.jpg 768w, https:\/\/www.torsten-schlueter.de\/wp-content\/uploads\/2016\/09\/Nordlichter-II-r-1-1024x860.jpg 1024w, https:\/\/www.torsten-schlueter.de\/wp-content\/uploads\/2016\/09\/Nordlichter-II-r-1.jpg 1204w\" sizes=\"auto, (max-width: 300px) 100vw, 300px\" \/><\/p>\n<\/p>\n<div class=\"text\">\n<p>In einer Kombination aus Malerei, Zeichnung, Prosa und Design erscheint dieses Buch wie eine bibliophile Kostbarkeit. Entstanden in der Tradition der vorangegangenen B\u00fccher \u201eHiddenseer Aufzeichnungen 1983-1996\u201c und \u201eNordlichter \u2013 Hiddensee der Balkon von Berlin\u201c ist es gleicherma\u00dfen Katalog und K\u00fcnstlerbuch zur gleichnamigen Wanderausstellung \u201cNordlichter II\u201d.&nbsp; Mit einem Gru\u00dfwort von Prof. Friedrich Schorlemmer und einem fiktiven Interview ber\u00fchmter Hiddenseer Pers\u00f6nlichkeiten mit dem K\u00fcnstler<\/p>\n<\/div>\n<p class=\"p1\">erschienen 2005<br \/>Autoren: Friedrich Schorlemmer, Stephanie Sch\u00fcrfeld, Torsten Schl\u00fcter<\/p>\n<p>128 Seiten, 220 farbige Abb., deutsch\/ englisch<br \/>handsigniert, 25 EUR + Versandkosten<br \/>zu beziehen \u00fcber:<br \/><a href=\"mailto:info@torsten-schlueter.de\">info@torsten-schlueter.de<\/a><\/p>\n<p class=\"p1\">\n<h3 class=\"p2\" style=\"text-align: center;\">NORDLICHTER &#8211; Hiddensee,<br \/>der Balkon von Berlin<\/h3>\n<p class=\"p2\"><img loading=\"lazy\" decoding=\"async\" class=\"alignnone size-medium wp-image-5847 aligncenter\" src=\"http:\/\/www.hiddensee-kuenstler.de\/wp-content\/uploads\/2016\/09\/Nordlichter-I-2-300x250.jpg\" alt=\"nordlichter-i-2\" width=\"300\" height=\"250\" srcset=\"https:\/\/www.torsten-schlueter.de\/wp-content\/uploads\/2016\/09\/Nordlichter-I-2-300x250.jpg 300w, https:\/\/www.torsten-schlueter.de\/wp-content\/uploads\/2016\/09\/Nordlichter-I-2-768x640.jpg 768w, https:\/\/www.torsten-schlueter.de\/wp-content\/uploads\/2016\/09\/Nordlichter-I-2-1024x854.jpg 1024w, https:\/\/www.torsten-schlueter.de\/wp-content\/uploads\/2016\/09\/Nordlichter-I-2.jpg 1054w\" sizes=\"auto, (max-width: 300px) 100vw, 300px\" \/><\/p>\n<\/p>\n<p>Ein besonderes Buch f\u00fcr Licht- und Wettermenschen, ein Muss f\u00fcr alle Hiddenseefreunde. &nbsp; Mit Tagebuchnotizen, K\u00fcnstlerinterview und einem Vorwort von Hanns Dieter H\u00fcsch (1925-2005).<\/p>\n<p class=\"p2\">erschienen 2001,<br \/>Autoren: Hanns Dieter H\u00fcsch (1925-2005), Torsten Schl\u00fcter<br \/>112 Seiten, 128 farbige Abb., deutsch\/ englisch<br \/>zu beziehen \u00fcber:<\/p>\n<p class=\"p2\"><strong>vergriffen<\/strong><\/p>\n<div class=\"text\">\n<h2>&nbsp;<\/h2>\n<h3 style=\"text-align: center;\">HIDDENSEER AUFZEICHNUNGEN<\/h3>\n<p><img loading=\"lazy\" decoding=\"async\" class=\"size-medium wp-image-5841 aligncenter\" src=\"http:\/\/www.hiddensee-kuenstler.de\/wp-content\/uploads\/2016\/09\/Hiddenseer-Aufzeichnungen-r-300x280.jpg\" alt=\"hiddenseer-aufzeichnungen-r\" width=\"300\" height=\"280\" srcset=\"https:\/\/www.torsten-schlueter.de\/wp-content\/uploads\/2016\/09\/Hiddenseer-Aufzeichnungen-r-300x280.jpg 300w, https:\/\/www.torsten-schlueter.de\/wp-content\/uploads\/2016\/09\/Hiddenseer-Aufzeichnungen-r-768x716.jpg 768w, https:\/\/www.torsten-schlueter.de\/wp-content\/uploads\/2016\/09\/Hiddenseer-Aufzeichnungen-r.jpg 937w\" sizes=\"auto, (max-width: 300px) 100vw, 300px\" \/><\/p>\n<\/p>\n<p>Kurt B\u00f6we (1929-2000), der gro\u00dfe Schauspieler, Autor und Inselliebhaber schrieb:<br \/>\u201eEs ist eine h\u00f6chst intime Liebeserkl\u00e4rung an diese Insel. Die vielen bunten Fotobeschreibungen k\u00f6nnen nicht erbringen, was Torsten Schl\u00fcter in den Hiddenseer AufZeichnungen gelingt: Die rauhe Landschaft in ihrem stetigen Wandel, in ihren Stimmungen, in ihren uralten Verwachsungen zu zeigen. Dieses Buch hat meinen Blick geweitet.\u201c 1998. Das Buch vereint Zeichnungen und Tagebuchnotizen auf der Insel Hiddensee vor und nach dem Mauerfall von 1983 bis 1996.<br \/>erschienen 1997, 1. Aufl. 1.600 Exemplare\u2028Alt Burgund,&nbsp; 100 Seiten, 107 Abb., schwarz-wei\u00df<br \/>Autoren: Manfred Domr\u00f6s; Torsten Schl\u00fcter u.a.<\/p>\n<\/p>\n<p>erschienen 1997, 1. Aufl. 1.600 Exemplare<br \/>Autoren: Manfred Domr\u00f6s; Torsten Schl\u00fcter u.a.<\/p>\n<p><span style=\"line-height: 1.5;\">Alt Burgund,&nbsp;100 Seiten, 107 Abb., schwarz-wei\u00df<br \/><\/span><span style=\"line-height: 1.5;\">Preis: 32 EUR + Versandkosten<br \/><\/span>handsignierte Sonderauflage mit Pr\u00e4genummer: 42 EUR + Versandkosten<br \/>zu beziehen \u00fcber:<span style=\"line-height: 1.5;\"><br \/><\/span><a href=\"mailto:info@torsten-schlueter.de\">info@torsten-schlueter.de<br \/><\/a><\/p>\n<\/div>\n<div class=\"text\">\n<h3 style=\"text-align: center;\">TULIPAMWE<\/h3>\n<\/div>\n<p><img loading=\"lazy\" decoding=\"async\" class=\"size-medium wp-image-5807 aligncenter\" src=\"http:\/\/www.hiddensee-kuenstler.de\/wp-content\/uploads\/2016\/09\/Tulipamwe-227x300.jpg\" alt=\"tulipamwe\" width=\"227\" height=\"300\" srcset=\"https:\/\/www.torsten-schlueter.de\/wp-content\/uploads\/2016\/09\/Tulipamwe-227x300.jpg 227w, https:\/\/www.torsten-schlueter.de\/wp-content\/uploads\/2016\/09\/Tulipamwe.jpg 386w\" sizes=\"auto, (max-width: 227px) 100vw, 227px\" \/><\/p>\n<div class=\"text\">\n<p>Dreisprachiger Bildband &nbsp; mit einem K\u00fcnstlerinterview und einem Gru\u00dfwort von Jack Lang, franz\u00f6sischer Kulturminister a.D.. Einen Schwerpunkt in diesem exzellent gedruckten und gestalteten Werkkatalog bildet unter anderem die afrikanische Thematik. Am Beispiel der Entwicklung Namibias entfaltet sich ein vielschichtiger Zyklus mit Malerei, Skulptur, Film und Performance zu Fragen des Umgangs der Kulturen miteinander. Mit einem K\u00fcnstlerinterview.<\/p>\n<p>erschienen 1997, Herausgeber Weimarer Kunstfest Gmbh und Stadtmuseum Weimar,<br \/>194 Seiten, \u00fcber 200 farbige Abb., deutsch\/englisch\/ franz\u00f6sisch<br \/>Autoren: Hans M. Schmidt; Jack Lang; Frank Motz; Dr. Kay Uwe Schierz; Walter Steiner; Katja Wiehagen<\/p>\n<p>handsigniert, 25 EUR + Versandkosten;<br \/>zu beziehen \u00fcber:<br \/><a href=\"mailto:info@torsten-schlueter.de\">info@torsten-schlueter.de<\/a><\/p>\n<\/div>\n<div class=\"text\">&nbsp;<\/div>\n<div class=\"text\">\n<h3 style=\"text-align: center;\">MATA NATARAYA<\/h3>\n<p><img loading=\"lazy\" decoding=\"async\" class=\"alignnone size-medium wp-image-5804 aligncenter\" src=\"http:\/\/www.hiddensee-kuenstler.de\/wp-content\/uploads\/2016\/09\/Indien-r-300x197.jpg\" alt=\"indien-r\" width=\"300\" height=\"197\" srcset=\"https:\/\/www.torsten-schlueter.de\/wp-content\/uploads\/2016\/09\/Indien-r-300x197.jpg 300w, https:\/\/www.torsten-schlueter.de\/wp-content\/uploads\/2016\/09\/Indien-r-768x505.jpg 768w, https:\/\/www.torsten-schlueter.de\/wp-content\/uploads\/2016\/09\/Indien-r.jpg 776w\" sizes=\"auto, (max-width: 300px) 100vw, 300px\" \/><\/p>\n<p>Ein Reiseskizzenbuch mit Zeichnungen und Malerei:;Brunnenfrauen, Wasserb\u00fcffel, Hippieparties, Tempel und Marktszenen von Nord bis S\u00fcdindien, mit Ausfl\u00fcgen nach Bali, Thailand und auf die Andaman Islands.\u2028Mit einem K\u00fcnstlerinterview.<\/p>\n<p>erschienen 2000 bei ACC Galerie Weimar, deutsch\/ englisch<br \/>Autoren: Andrea Dietrich, Torsten Schl\u00fcter<br \/>184 Seiten, 228 farbige Abb.<\/p>\n<p>handsigniert, 28 EUR + Versandkosten<br \/>zu beziehen \u00fcber:<span style=\"line-height: 1.5;\"><br \/><\/span><a href=\"mailto:info@torsten-schlueter.de\">info@torsten-schlueter.de<\/a><\/p>\n<\/div>\n<div class=\"text\">&nbsp;<\/div>\n<div class=\"text\">\n<h3 style=\"text-align: center;\">HEXEN UND HEXEN<\/h3>\n<p><img loading=\"lazy\" decoding=\"async\" class=\"alignnone size-medium wp-image-5800 aligncenter\" src=\"http:\/\/www.hiddensee-kuenstler.de\/wp-content\/uploads\/2016\/09\/Hexen-244x300.jpg\" alt=\"hexen\" width=\"244\" height=\"300\" srcset=\"https:\/\/www.torsten-schlueter.de\/wp-content\/uploads\/2016\/09\/Hexen-244x300.jpg 244w, https:\/\/www.torsten-schlueter.de\/wp-content\/uploads\/2016\/09\/Hexen.jpg 415w\" sizes=\"auto, (max-width: 244px) 100vw, 244px\" \/><\/p>\n<\/p>\n<p>\u201dAls Ketzer den Hexen sich verwandt f\u00fchlend\u201c, so beschreibt Torsten Schl\u00fcter eines der Motive, um seine pers\u00f6nliche Erfahrungen und Erlebnisse in den 80er Jahren in der DDR mit dieser Thematik zu verarbeiten. \u201eDer Hexenzyklus ist eine fr\u00fche Warnung vor dem Hass auf alles Fremde, Andersartige, Unbekannte.\u201c<\/p>\n<\/div>\n<p class=\"p1\">Ausstellungskatalog,&nbsp;erschienen 1992 bei ACC Galerie Weimar,<br \/>Autoren: Anne Br\u00fcggemann; Andrea Dietrich; Ralf Schl\u00fcter; Torsten Schl\u00fcter<br \/>48 Seiten, 54 farbige Abb.<br \/>handsigniert, 15 EUR + Versandkosten<br \/>zu beziehen \u00fcber:<span style=\"line-height: 1.5;\"><br \/><\/span><a href=\"mailto:info@torsten-schlueter.de\">info@torsten-schlueter.de<\/a><\/p>\n<div class=\"text\">\n<h3 style=\"text-align: center;\">UNTERWEGS<\/h3>\n<p><img loading=\"lazy\" decoding=\"async\" class=\"alignnone size-medium wp-image-5809 aligncenter\" src=\"http:\/\/www.hiddensee-kuenstler.de\/wp-content\/uploads\/2016\/09\/Unterwegs-r-294x300.jpg\" alt=\"unterwegs-r\" width=\"294\" height=\"300\" srcset=\"https:\/\/www.torsten-schlueter.de\/wp-content\/uploads\/2016\/09\/Unterwegs-r-294x300.jpg 294w, https:\/\/www.torsten-schlueter.de\/wp-content\/uploads\/2016\/09\/Unterwegs-r.jpg 556w\" sizes=\"auto, (max-width: 294px) 100vw, 294px\" \/><br \/>Ein rein grafisches B\u00fcchlein mit Ausz\u00fcgen aus Skizzenb\u00fcchern zwischen 1990 und 1995 \u2028mit Zeichnungen und Reisenotizen von Torsten Schl\u00fcter<\/p>\n<p>erschienen 1996 bei Galerie Avalun, Berlin, 32 Seiten, mit 34 schwarz-wei\u00df Abb.<br \/>Autoren: Torsten Schl\u00fcter<\/p>\n<p>handsigniert, 24 EUR + Versandkosten<br \/>zu beziehen \u00fcber:<br \/><a href=\"mailto:info@torsten-schlueter.de\">info@torsten-schlueter.de<\/a><\/p>\n<\/div><!--themify_builder_content-->\n<div id=\"themify_builder_content-9449\" data-postid=\"9449\" class=\"themify_builder_content themify_builder_content-9449 themify_builder tf_clear\">\n    <\/div>\n<!--\/themify_builder_content-->","protected":false},"excerpt":{"rendered":"<p>the book for the exhibitionat 1. FC Union Berlin 1st edition 500 copies, published 2022, 112 pages, four-colorwith texts by Manuela Thieme, Ulrike J\u00e4hrling, Frank Willmann, Markus Metke, Jan Hollants and Torsten Schl\u00fcter. Design Erik Lautenschl\u00e4gersigned by hand, 30,-\u20ac plus. Shipping Order here by mail Art print &#8220;May 19 I&#8221; Art print &#8220;May 19 I&#8221; [&hellip;]<\/p>\n","protected":false},"author":1,"featured_media":0,"parent":0,"menu_order":0,"comment_status":"closed","ping_status":"closed","template":"","meta":{"footnotes":""},"class_list":["post-9449","page","type-page","status-publish","hentry","has-post-title","has-post-date","has-post-category","has-post-tag","has-post-comment","has-post-author",""],"builder_content":"","_links":{"self":[{"href":"https:\/\/www.torsten-schlueter.de\/en\/wp-json\/wp\/v2\/pages\/9449","targetHints":{"allow":["GET"]}}],"collection":[{"href":"https:\/\/www.torsten-schlueter.de\/en\/wp-json\/wp\/v2\/pages"}],"about":[{"href":"https:\/\/www.torsten-schlueter.de\/en\/wp-json\/wp\/v2\/types\/page"}],"author":[{"embeddable":true,"href":"https:\/\/www.torsten-schlueter.de\/en\/wp-json\/wp\/v2\/users\/1"}],"replies":[{"embeddable":true,"href":"https:\/\/www.torsten-schlueter.de\/en\/wp-json\/wp\/v2\/comments?post=9449"}],"version-history":[{"count":1,"href":"https:\/\/www.torsten-schlueter.de\/en\/wp-json\/wp\/v2\/pages\/9449\/revisions"}],"predecessor-version":[{"id":9452,"href":"https:\/\/www.torsten-schlueter.de\/en\/wp-json\/wp\/v2\/pages\/9449\/revisions\/9452"}],"wp:attachment":[{"href":"https:\/\/www.torsten-schlueter.de\/en\/wp-json\/wp\/v2\/media?parent=9449"}],"curies":[{"name":"wp","href":"https:\/\/api.w.org\/{rel}","templated":true}]}}